{"id":59,"date":"2013-10-08T13:03:00","date_gmt":"2013-10-08T12:03:00","guid":{"rendered":"http:\/\/clever-solutions.pt\/v4\/?page_id=59"},"modified":"2013-10-08T14:34:26","modified_gmt":"2013-10-08T13:34:26","slug":"clever-sig","status":"publish","type":"page","link":"https:\/\/clever-solutions.pt\/v4\/clever-sig\/","title":{"rendered":"Clever SIG"},"content":{"rendered":"<table>\n<tbody>\n<tr>\n<td valign=\"top\"><a href=\"http:\/\/clever-solutions.pt\/v4\/wp-content\/uploads\/2013\/10\/SI_small.png\"><img loading=\"lazy\" decoding=\"async\" class=\"alignnone size-full wp-image-84\" alt=\"SI_small\" src=\"http:\/\/clever-solutions.pt\/v4\/wp-content\/uploads\/2013\/10\/SI_small.png\" width=\"300\" height=\"250\" \/><\/a><\/td>\n<td><\/td>\n<td><strong style=\"color: #f90; font-size: 24px;\">Clever SIG &#8211; Qualidade \/ Ambiente \/ Seguran\u00e7a<\/strong><br \/>\nA adop\u00e7\u00e3o de Sistemas Integrados de Gest\u00e3o da Qualidade, Ambiente e Seguran\u00e7a e Sa\u00fade no Trabalho (SIG-QAS), \u00e9 um contributo essencial para a competitividade da sua organiza\u00e7\u00e3o. Desta forma, a organiza\u00e7\u00e3o pode satisfazer todas as exig\u00eancias, garantindo o atendimento de padr\u00f5es internacionais reconhecidos com responsabilidade e visando suprimir a necessidade de padronizar a documenta\u00e7\u00e3o e procedimentos, permitindo obter um a maximiza\u00e7\u00e3o de benef\u00edcios e acompanhar as tend\u00eancias empresariais de integrar todos os seus sistemas.A implementa\u00e7\u00e3o de um Sistema Integrado de Gest\u00e3o da Qualidade, Ambiente e Seguran\u00e7a e Sa\u00fade no Trabalho (SIG-QAS) tem inerente, as seguintes vantagens competitivas:\u2022\u00a0Melhoria de qualidade em produtos e servi\u00e7os;<\/p>\n<p>\u2022\u00a0Realiza\u00e7\u00e3o de objetivos e metas da empresa;<\/p>\n<p>\u2022\u00a0Economia de tempo e custos;<\/p>\n<p>\u2022\u00a0Transpar\u00eancia dos processos internos;<\/p>\n<p>\u2022\u00a0Fortalecimento da imagem da empresa e a participa\u00e7\u00e3o no mercado;<\/p>\n<p>\u2022\u00a0Maior controle dos riscos com acidentes ambientais;<\/p>\n<p>\u2022\u00a0Satisfa\u00e7\u00e3o de clientes, funcion\u00e1rios e acionistas;<\/p>\n<p>\u2022\u00a0Satisfa\u00e7\u00e3o dos crit\u00e9rios dos investidores e melhoria do acesso ao capital;<\/p>\n<p>\u2022\u00a0Aumento da competitividade;<\/p>\n<p>\u2022\u00a0Assegurar \u00e0s partes interessadas o comprometimento com uma gest\u00e3o ambiental demonstr\u00e1vel;<\/p>\n<p>\u2022\u00a0Redu\u00e7\u00e3o e controle de custos ambientais;<\/p>\n<p>\u2022\u00a0Oportunidades para conserva\u00e7\u00e3o de recursos e energia;<\/p>\n<p>\u2022\u00a0Melhoria do relacionamento com todas as partes interessadas (clientes, acionistas, ONG&#8217;s, fornecedores, governo e funcion\u00e1rios);<\/p>\n<p>\u2022\u00a0Preven\u00e7\u00e3o de falhas ao inv\u00e9s de suas corre\u00e7\u00f5es.<\/p>\n<h4>A implementa\u00e7\u00e3o de um Sistema Integrado de Gest\u00e3o da Qualidade, Ambiente e Seguran\u00e7a (SIG-QAS) reveste-se como o desafio m\u00e1ximo para as organiza\u00e7\u00f5es, uma vez que considera a satisfa\u00e7\u00e3o dos clientes (Qualidade), a sociedade (Ambiente) e os trabalhadores (Seguran\u00e7a).<\/h4>\n<p>Com um SIG-QAS implementado \u00e9 pass\u00edvel da organiza\u00e7\u00e3o elaborar relat\u00f3rios de sustentabilidade. O objectivo dos Relat\u00f3rio de Sustentabilidade \u00e9 transmitir de forma transparente os valores e princ\u00edpios corporativos, as pr\u00e1ticas de gest\u00e3o e o desempenho da organiza\u00e7\u00e3o face \u00e0s diferentes partes interessadas, relativamente ao seu desempenho em termos ambientais, sociais e econ\u00f3micos. Assim, como resposta a estas tend\u00eancias a Clever Solutions, desenvolveu metodologias para a elabora\u00e7\u00e3o de Relat\u00f3rios de Sustentabilidade, de forma a permitir \u00e0s organiza\u00e7\u00f5es a divulga\u00e7\u00e3o dos relat\u00f3rios ap\u00f3s a verifica\u00e7\u00e3o de uma terceira parte, independente e cred\u00edvel.<\/p>\n<h4>A elabora\u00e7\u00e3o de Relat\u00f3rios de Sustentabilidade pela Clever Solutions tem por base a norma AA1000 \u2013 Assurance Standard, publicada pela AccountAbilty.<\/h4>\n<\/td>\n<\/tr>\n<\/tbody>\n<\/table>\n","protected":false},"excerpt":{"rendered":"<p>Clever SIG &#8211; Qualidade \/ Ambiente \/ Seguran\u00e7a A adop\u00e7\u00e3o de Sistemas Integrados de Gest\u00e3o da Qualidade, Ambiente e Seguran\u00e7a e Sa\u00fade no Trabalho (SIG-QAS), \u00e9 um contributo essencial para a competitividade da sua organiza\u00e7\u00e3o. Desta forma, a organiza\u00e7\u00e3o pode satisfazer todas as exig\u00eancias, garantindo o atendimento de padr\u00f5es internacionais reconhecidos com responsabilidade e visando [&hellip;]<\/p>\n","protected":false},"author":1,"featured_media":84,"parent":0,"menu_order":0,"comment_status":"open","ping_status":"open","template":"","meta":{"footnotes":""},"class_list":["post-59","page","type-page","status-publish","has-post-thumbnail","czr-hentry"],"_links":{"self":[{"href":"https:\/\/clever-solutions.pt\/v4\/wp-json\/wp\/v2\/pages\/59","targetHints":{"allow":["GET"]}}],"collection":[{"href":"https:\/\/clever-solutions.pt\/v4\/wp-json\/wp\/v2\/pages"}],"about":[{"href":"https:\/\/clever-solutions.pt\/v4\/wp-json\/wp\/v2\/types\/page"}],"author":[{"embeddable":true,"href":"https:\/\/clever-solutions.pt\/v4\/wp-json\/wp\/v2\/users\/1"}],"replies":[{"embeddable":true,"href":"https:\/\/clever-solutions.pt\/v4\/wp-json\/wp\/v2\/comments?post=59"}],"version-history":[{"count":10,"href":"https:\/\/clever-solutions.pt\/v4\/wp-json\/wp\/v2\/pages\/59\/revisions"}],"predecessor-version":[{"id":94,"href":"https:\/\/clever-solutions.pt\/v4\/wp-json\/wp\/v2\/pages\/59\/revisions\/94"}],"wp:featuredmedia":[{"embeddable":true,"href":"https:\/\/clever-solutions.pt\/v4\/wp-json\/wp\/v2\/media\/84"}],"wp:attachment":[{"href":"https:\/\/clever-solutions.pt\/v4\/wp-json\/wp\/v2\/media?parent=59"}],"curies":[{"name":"wp","href":"https:\/\/api.w.org\/{rel}","templated":true}]}}