{"id":18,"date":"2013-10-08T11:18:56","date_gmt":"2013-10-08T10:18:56","guid":{"rendered":"http:\/\/clever-solutions.pt\/v4\/?page_id=18"},"modified":"2013-10-08T11:26:07","modified_gmt":"2013-10-08T10:26:07","slug":"compromisso","status":"publish","type":"page","link":"https:\/\/clever-solutions.pt\/v4\/compromisso\/","title":{"rendered":"Compromisso"},"content":{"rendered":"<h3>POL\u00cdTICA DE QUALIDADE E AMBIENTAL<\/h3>\n<p>Porque acreditamos que s\u00f3 a melhoria cont\u00ednua \u00e9 a condi\u00e7\u00e3o necess\u00e1ria para o progresso, esta permite-nos identificar cada vez melhor as necessidades e expectativas dos nossos clientes, criando servi\u00e7os que os satisfa\u00e7am. \u00c9 nosso prop\u00f3sito estimular toda a nossa organiza\u00e7\u00e3o, promovendo a evolu\u00e7\u00e3o dos nossos servi\u00e7os face \u00e0s necessidades expectativas dos nossos clientes.<\/p>\n<p>Porque acreditamos que somos aquilo que pensamos, damos potencial relev\u00e2ncia aos nossos colaboradores, estimulando-os a incrementar a produtividade individual e global, sustentada pela forma\u00e7\u00e3o cont\u00ednua.<\/p>\n<p>Porque n\u00e3o nos queremos limitar a cumprir a legisla\u00e7\u00e3o mas porque acreditamos ser de todos a responsabilidade por um Ambiente mais limpo e saud\u00e1vel, procuramos sensibilizar todos os nossos colaboradores e parceiros comerciais para uma actua\u00e7\u00e3o consciente para com a protec\u00e7\u00e3o do meio ambiente, com especial \u00eanfase na redu\u00e7\u00e3o, reutiliza\u00e7\u00e3o e reciclagem dos res\u00edduos produzidos. Pretendemos assim constituir um exemplo para a popula\u00e7\u00e3o mais jovem, cada vez mais preocupada com a preserva\u00e7\u00e3o do meio ambiente.<\/p>\n<h3>VALORES E CULTURA ORGANIZACIONAL<\/h3>\n<p>O crescimento da CLEVER SOLUTIONS deve-se \u00e0 sua cultura organizacional e aos valores impl\u00edcitos desenvolvidos e transmitidos de forma multi-direccional em cada uma das suas actividades. Valores como: Inova\u00e7\u00e3o e excel\u00eancia dos servi\u00e7o prestado, Proximidade e Transpar\u00eancia com o cliente, Responsabilidade social, Respeito pelo meio ambiente e Cria\u00e7\u00e3o de valor, influenciam claramente a performance e funcionamento da CLEVER SOLUTIONS.<\/p>\n<p>As parcerias estabelecidas tanto com os clientes como com os fornecedores s\u00e3o decisivas para o sucesso da CLEVER SOLUTIONS. As parcerias que cria assentam na transpar\u00eancia, na honestidade e no respeito, colaborando activamente com todos os parceiros. Trabalhando desta forma, a CLEVER SOLUTIONS acredita que as suas ac\u00e7\u00f5es ser\u00e3o mutuamente ben\u00e9ficas, para os seus parceiros e para si mesma.<\/p>\n<p>A CLEVER SOLUTIONS \u00e9 o espelho dos seus colaboradores, por isso relaciona-se com eles com respeito e dignidade, promovendo e estimulando as suas capacidades j\u00e1 que estas s\u00e3o cruciais para o sucesso. Consequentemente a CLEVER SOLUTIONS encoraja a participa\u00e7\u00e3o e envolvimento das pessoas a todos os n\u00edveis.<\/p>\n<p>Os servi\u00e7os prestados pela CLEVER SOLUTIONS s\u00e3o o reflexo da capacidade dos seus\u00a0colaboradores, que lutam de forma constante pela melhoria continua em todas as actividades,\u00a0satisfazendo assim as necessidades e expectativas mais exigentes dos clientes.<\/p>\n<p>Como empresa que \u00e9, a CLEVER SOLUTIONS em \u00faltima an\u00e1lise, \u00e9 avaliada pela\u00a0rentabilidade. Os lucros s\u00e3o necess\u00e1rios para sobreviver, crescer, oferecer oportunidades de\u00a0emprego e prosperar.<\/p>\n","protected":false},"excerpt":{"rendered":"<p>POL\u00cdTICA DE QUALIDADE E AMBIENTAL Porque acreditamos que s\u00f3 a melhoria cont\u00ednua \u00e9 a condi\u00e7\u00e3o necess\u00e1ria para o progresso, esta permite-nos identificar cada vez melhor as necessidades e expectativas dos nossos clientes, criando servi\u00e7os que os satisfa\u00e7am. \u00c9 nosso prop\u00f3sito estimular toda a nossa organiza\u00e7\u00e3o, promovendo a evolu\u00e7\u00e3o dos nossos servi\u00e7os face \u00e0s necessidades expectativas [&hellip;]<\/p>\n","protected":false},"author":1,"featured_media":0,"parent":0,"menu_order":0,"comment_status":"open","ping_status":"open","template":"","meta":{"footnotes":""},"class_list":["post-18","page","type-page","status-publish","czr-hentry"],"_links":{"self":[{"href":"https:\/\/clever-solutions.pt\/v4\/wp-json\/wp\/v2\/pages\/18","targetHints":{"allow":["GET"]}}],"collection":[{"href":"https:\/\/clever-solutions.pt\/v4\/wp-json\/wp\/v2\/pages"}],"about":[{"href":"https:\/\/clever-solutions.pt\/v4\/wp-json\/wp\/v2\/types\/page"}],"author":[{"embeddable":true,"href":"https:\/\/clever-solutions.pt\/v4\/wp-json\/wp\/v2\/users\/1"}],"replies":[{"embeddable":true,"href":"https:\/\/clever-solutions.pt\/v4\/wp-json\/wp\/v2\/comments?post=18"}],"version-history":[{"count":1,"href":"https:\/\/clever-solutions.pt\/v4\/wp-json\/wp\/v2\/pages\/18\/revisions"}],"predecessor-version":[{"id":19,"href":"https:\/\/clever-solutions.pt\/v4\/wp-json\/wp\/v2\/pages\/18\/revisions\/19"}],"wp:attachment":[{"href":"https:\/\/clever-solutions.pt\/v4\/wp-json\/wp\/v2\/media?parent=18"}],"curies":[{"name":"wp","href":"https:\/\/api.w.org\/{rel}","templated":true}]}}